{"id":933,"date":"2025-12-23T17:27:27","date_gmt":"2025-12-23T10:27:27","guid":{"rendered":"https:\/\/phuonganh-automation.com\/?post_type=product&#038;p=933"},"modified":"2025-12-23T17:39:44","modified_gmt":"2025-12-23T10:39:44","slug":"mang-di-cap-dien-gpt-6040-giga-electric","status":"publish","type":"product","link":"https:\/\/phuonganh-automation.com\/?product=mang-di-cap-dien-gpt-6040-giga-electric","title":{"rendered":"M\u00e1ng \u0111i c\u00e1p \u0111i\u1ec7n GPT-6040 Giga Electric"},"content":{"rendered":"<ul class=\"tabs wc-tabs product-tabs small-nav-collapse nav nav-uppercase nav-line nav-left\" role=\"tablist\">\n<li id=\"tab-title-thong_so_tab\" class=\"thong_so_tab_tab active\" role=\"presentation\"><a tabindex=\"0\" role=\"tab\" href=\"https:\/\/gigaelectric.vn\/product\/gpt-6040\/#tab-thong_so_tab\" aria-selected=\"true\" aria-controls=\"tab-thong_so_tab\">Th\u00f4ng s\u1ed1 k\u1ef9 thu\u1eadt<\/a><\/li>\n<\/ul>\n<div class=\"tab-panels\">\n<div id=\"tab-thong_so_tab\" class=\"woocommerce-Tabs-panel woocommerce-Tabs-panel--thong_so_tab panel entry-content active\" role=\"tabpanel\" aria-labelledby=\"tab-title-thong_so_tab\">\n<table class=\"tskt-table\">\n<tbody>\n<tr>\n<td rowspan=\"1\">T\u00ean s\u1ea3n ph\u1ea9m<\/td>\n<td>M\u00e1ng \u0111i c\u00e1p \u0111i\u1ec7n GPT-6040 Giga Electric<\/td>\n<\/tr>\n<tr>\n<td rowspan=\"1\">Lo\u1ea1i s\u1ea3n ph\u1ea9m<\/td>\n<td>M\u00e1ng \u0111i c\u00e1p \u0111i\u1ec7n<\/td>\n<\/tr>\n<tr>\n<td rowspan=\"1\">Series<\/td>\n<td>GPT<\/td>\n<\/tr>\n<tr>\n<td rowspan=\"1\">Chi\u1ec1u r\u1ed9ng khe (mm)<\/td>\n<td>4<\/td>\n<\/tr>\n<tr>\n<td rowspan=\"1\">Kho\u1ea3ng c\u00e1ch khe (mm)<\/td>\n<td>6<\/td>\n<\/tr>\n<tr>\n<td rowspan=\"1\">M\u00e0u s\u1eafc<\/td>\n<td>X\u00e1m<\/td>\n<\/tr>\n<tr>\n<td rowspan=\"1\">K\u00edch th\u01b0\u1edbc<\/td>\n<td>60x40x2000mm<\/td>\n<\/tr>\n<tr>\n<td rowspan=\"1\">\u0110\u01a1n v\u1ecb t\u00ednh<\/td>\n<td>Pcs<\/td>\n<\/tr>\n<tr>\n<td rowspan=\"1\">S\u1ed1 l\u01b0\u1ee3ng trong 1 h\u1ed9p<\/td>\n<td>50 c\u00e1i\/th\u00f9ng<\/td>\n<\/tr>\n<\/tbody>\n<\/table>\n<\/div>\n<\/div>\n","protected":false},"excerpt":{"rendered":"<table class=\"woocommerce-product-attributes shop_attributes\">\n<tbody>\n<tr>\n<td>Model<\/td>\n<td>GPT-6040<\/td>\n<\/tr>\n<tr>\n<td>H\u00e3ng s\u1ea3n xu\u1ea5t<\/td>\n<td>\u00a0Giga<\/td>\n<\/tr>\n<tr>\n<td>Ch\u1ea5t l\u01b0\u1ee3ng<\/td>\n<td>M\u1edbi 100%<\/td>\n<\/tr>\n<tr>\n<td>Quy c\u00e1ch<\/td>\n<td>1 c\u00e1i<\/td>\n<\/tr>\n<tr>\n<td>Ch\u1ee9ng t\u1eeb<\/td>\n<td>H\u00f3a \u0111\u01a1n VAT<\/td>\n<\/tr>\n<\/tbody>\n<\/table>\n","protected":false},"featured_media":935,"comment_status":"open","ping_status":"closed","template":"","meta":[],"product_brand":[54],"product_cat":[55],"product_tag":[],"class_list":{"0":"post-933","1":"product","2":"type-product","3":"status-publish","4":"has-post-thumbnail","6":"product_brand-giga","7":"product_cat-giga","9":"first","10":"instock","11":"taxable","12":"shipping-taxable","13":"purchasable","14":"product-type-simple"},"jetpack_sharing_enabled":true,"_links":{"self":[{"href":"https:\/\/phuonganh-automation.com\/index.php?rest_route=\/wp\/v2\/product\/933","targetHints":{"allow":["GET"]}}],"collection":[{"href":"https:\/\/phuonganh-automation.com\/index.php?rest_route=\/wp\/v2\/product"}],"about":[{"href":"https:\/\/phuonganh-automation.com\/index.php?rest_route=\/wp\/v2\/types\/product"}],"replies":[{"embeddable":true,"href":"https:\/\/phuonganh-automation.com\/index.php?rest_route=%2Fwp%2Fv2%2Fcomments&post=933"}],"wp:featuredmedia":[{"embeddable":true,"href":"https:\/\/phuonganh-automation.com\/index.php?rest_route=\/wp\/v2\/media\/935"}],"wp:attachment":[{"href":"https:\/\/phuonganh-automation.com\/index.php?rest_route=%2Fwp%2Fv2%2Fmedia&parent=933"}],"wp:term":[{"taxonomy":"product_brand","embeddable":true,"href":"https:\/\/phuonganh-automation.com\/index.php?rest_route=%2Fwp%2Fv2%2Fproduct_brand&post=933"},{"taxonomy":"product_cat","embeddable":true,"href":"https:\/\/phuonganh-automation.com\/index.php?rest_route=%2Fwp%2Fv2%2Fproduct_cat&post=933"},{"taxonomy":"product_tag","embeddable":true,"href":"https:\/\/phuonganh-automation.com\/index.php?rest_route=%2Fwp%2Fv2%2Fproduct_tag&post=933"}],"curies":[{"name":"wp","href":"https:\/\/api.w.org\/{rel}","templated":true}]}}