{"id":907,"date":"2025-12-22T17:59:20","date_gmt":"2025-12-22T10:59:20","guid":{"rendered":"https:\/\/phuonganh-automation.com\/?post_type=product&#038;p=907"},"modified":"2025-12-23T15:00:55","modified_gmt":"2025-12-23T08:00:55","slug":"vo-cau-chi-giga-ggrt18x-32-1","status":"publish","type":"product","link":"https:\/\/phuonganh-automation.com\/?product=vo-cau-chi-giga-ggrt18x-32-1","title":{"rendered":"V\u1ecf c\u1ea7u ch\u00ec Giga GGRT18X-32\/1"},"content":{"rendered":"<table class=\"NormalTable\">\n<tbody>\n<tr>\n<td width=\"356\"><span class=\"fontstyle0\">&#8211; \u0110i\u1ec7n \u00e1p \u0111\u1ecbnh m\u1ee9c: 500\/690VAC<br \/>\n&#8211; D\u00f2ng \u0111i\u1ec7n \u0111\u1ecbnh m\u1ee9c: 32A<br \/>\n&#8211; V\u1ecf h\u1ed9p ng\u1eaft m\u1ea1ch c\u1ea7u ch\u00ec l\u00e0m b\u1eb1ng nh\u1ef1a PBT<br \/>\nch\u1ed1ng ch\u00e1y cao c\u1ea5p<br \/>\n&#8211; Ti\u1ebfp \u0111i\u1ec3m l\u00e0m b\u1eb1ng \u0111\u1ed3ng m\u1ea1 b\u1ea1c cao c\u1ea5p<br \/>\n&#8211; Ki\u1ec3u d\u00e1ng \u0111\u1ea1t t\u00ednh th\u1ea9m m\u1ef9 cao<br \/>\n&#8211; S\u1eed d\u1ee5ng v\u1edbi c\u1ea7u ch\u00ec \u1ed1ng 10x38mm<br \/>\n&#8211; C\u00f3 \u0111\u00e8n c\u1ea3nh b\u00e1o khi c\u1ea7u ch\u00ec b\u1ecb \u0111\u1ee9t<br \/>\n&#8211; \u0110\u1ea1t ti\u00eau chu\u1ea9n qu\u1ed1c t\u1ebf IEC 60269<br \/>\n&#8211; \u0110\u00f3ng g\u00f3i: 12 c\u00e1i\/ h\u1ed9p<\/span><\/td>\n<\/tr>\n<\/tbody>\n<\/table>\n<p>&nbsp;<\/p>\n","protected":false},"excerpt":{"rendered":"<table class=\"woocommerce-product-attributes shop_attributes\">\n<tbody>\n<tr>\n<td>Model<\/td>\n<td>GGRT18X-32\/1<\/td>\n<\/tr>\n<tr>\n<td>H\u00e3ng s\u1ea3n xu\u1ea5t<\/td>\n<td>\u00a0Giga<\/td>\n<\/tr>\n<tr>\n<td>Ch\u1ea5t l\u01b0\u1ee3ng<\/td>\n<td>M\u1edbi 100%<\/td>\n<\/tr>\n<tr>\n<td>B\u1ea3o h\u00e0nh<\/td>\n<td>Ch\u00ednh h\u00e3ng<\/td>\n<\/tr>\n<tr>\n<td>Ch\u1ee9ng t\u1eeb<\/td>\n<td>H\u00f3a \u0111\u01a1n VAT<\/td>\n<\/tr>\n<\/tbody>\n<\/table>\n","protected":false},"featured_media":927,"comment_status":"open","ping_status":"closed","template":"","meta":[],"product_brand":[54],"product_cat":[55],"product_tag":[],"class_list":{"0":"post-907","1":"product","2":"type-product","3":"status-publish","4":"has-post-thumbnail","6":"product_brand-giga","7":"product_cat-giga","9":"first","10":"instock","11":"taxable","12":"shipping-taxable","13":"purchasable","14":"product-type-simple"},"jetpack_sharing_enabled":true,"_links":{"self":[{"href":"https:\/\/phuonganh-automation.com\/index.php?rest_route=\/wp\/v2\/product\/907","targetHints":{"allow":["GET"]}}],"collection":[{"href":"https:\/\/phuonganh-automation.com\/index.php?rest_route=\/wp\/v2\/product"}],"about":[{"href":"https:\/\/phuonganh-automation.com\/index.php?rest_route=\/wp\/v2\/types\/product"}],"replies":[{"embeddable":true,"href":"https:\/\/phuonganh-automation.com\/index.php?rest_route=%2Fwp%2Fv2%2Fcomments&post=907"}],"wp:featuredmedia":[{"embeddable":true,"href":"https:\/\/phuonganh-automation.com\/index.php?rest_route=\/wp\/v2\/media\/927"}],"wp:attachment":[{"href":"https:\/\/phuonganh-automation.com\/index.php?rest_route=%2Fwp%2Fv2%2Fmedia&parent=907"}],"wp:term":[{"taxonomy":"product_brand","embeddable":true,"href":"https:\/\/phuonganh-automation.com\/index.php?rest_route=%2Fwp%2Fv2%2Fproduct_brand&post=907"},{"taxonomy":"product_cat","embeddable":true,"href":"https:\/\/phuonganh-automation.com\/index.php?rest_route=%2Fwp%2Fv2%2Fproduct_cat&post=907"},{"taxonomy":"product_tag","embeddable":true,"href":"https:\/\/phuonganh-automation.com\/index.php?rest_route=%2Fwp%2Fv2%2Fproduct_tag&post=907"}],"curies":[{"name":"wp","href":"https:\/\/api.w.org\/{rel}","templated":true}]}}