{"id":897,"date":"2025-12-22T16:10:12","date_gmt":"2025-12-22T09:10:12","guid":{"rendered":"https:\/\/phuonganh-automation.com\/?post_type=product&#038;p=897"},"modified":"2025-12-23T16:12:11","modified_gmt":"2025-12-23T09:12:11","slug":"dau-cot-chia-tran-thau-gg-snb1-25-3","status":"publish","type":"product","link":"https:\/\/phuonganh-automation.com\/?product=dau-cot-chia-tran-thau-gg-snb1-25-3","title":{"rendered":"\u0110\u1ea7u c\u1ed1t ch\u1ec9a tr\u1ea7n thau GG-SNB1.25-3"},"content":{"rendered":"<div class=\"content-tab__title w-100\">\n<h2>Th\u00f4ng s\u1ed1 k\u1ef9 thu\u1eadt \u201c\u0110\u1ea7u c\u1ed1t ch\u1ec9a tr\u1ea7n thau GG-SNB1.25-3 Giga Electric\u201d<\/h2>\n<\/div>\n<ul>\n<li><span class=\"title\">T\u00ean s\u1ea3n ph\u1ea9m: <\/span><span class=\"content\">\u0110\u1ea7u c\u1ed1t ch\u1ec9a tr\u1ea7n thau GG-SNB1.25-3 Giga Electric<\/span><\/li>\n<li><span class=\"title\">Lo\u1ea1i s\u1ea3n ph\u1ea9m: <\/span><span class=\"content\">\u0110\u1ea7u c\u1ed1t ch\u1ec9a tr\u1ea7n thau<\/span><\/li>\n<li><span class=\"title\">Series: <\/span><span class=\"content\">GG-SNB<\/span><\/li>\n<li><span class=\"title\">Ch\u1ea5t li\u1ec7u: <\/span><span class=\"content\">\u0110\u1ed3ng thau<\/span><\/li>\n<li><span class=\"title\">Ti\u1ebft di\u1ec7n c\u00e1p s\u1eed d\u1ee5ng: <\/span><span class=\"content\">0.5~1.5 mm\u00b2<\/span><\/li>\n<li><span class=\"title\">\u0110\u1ed9 r\u1ed9ng c\u00e0ng: <\/span><span class=\"content\">3 mm<\/span><\/li>\n<\/ul>\n<ul>\n<li><span class=\"title\">Chi\u1ec1u d\u00e0i t\u1ed5ng th\u1ec3: <\/span><span class=\"content\">21.2mm<\/span><\/li>\n<li><span class=\"title\">K\u00edch th\u01b0\u1edbc l\u1ed7: <\/span><span class=\"content\">3.2mm<\/span><\/li>\n<li><span class=\"title\">Quy c\u00e1ch \u0111\u00f3ng g\u00f3i : 100c\/t\u00fai<\/span><\/li>\n<\/ul>\n","protected":false},"excerpt":{"rendered":"<table class=\"woocommerce-product-attributes shop_attributes\">\n<tbody>\n<tr>\n<td>Model<\/td>\n<td>GG-SNB1.25-3<\/td>\n<\/tr>\n<tr>\n<td>H\u00e3ng s\u1ea3n xu\u1ea5t<\/td>\n<td>Giga<\/td>\n<\/tr>\n<tr>\n<td>Ch\u1ea5t l\u01b0\u1ee3ng<\/td>\n<td>M\u1edbi 100%<\/td>\n<\/tr>\n<tr>\n<td>Quy c\u00e1ch<\/td>\n<td>100c\/t\u00fai<\/td>\n<\/tr>\n<tr>\n<td>Ch\u1ee9ng t\u1eeb<\/td>\n<td>H\u00f3a \u0111\u01a1n VAT<\/td>\n<\/tr>\n<\/tbody>\n<\/table>\n","protected":false},"featured_media":930,"comment_status":"open","ping_status":"closed","template":"","meta":[],"product_brand":[54],"product_cat":[55],"product_tag":[],"class_list":{"0":"post-897","1":"product","2":"type-product","3":"status-publish","4":"has-post-thumbnail","6":"product_brand-giga","7":"product_cat-giga","9":"first","10":"instock","11":"taxable","12":"shipping-taxable","13":"purchasable","14":"product-type-simple"},"jetpack_sharing_enabled":true,"_links":{"self":[{"href":"https:\/\/phuonganh-automation.com\/index.php?rest_route=\/wp\/v2\/product\/897","targetHints":{"allow":["GET"]}}],"collection":[{"href":"https:\/\/phuonganh-automation.com\/index.php?rest_route=\/wp\/v2\/product"}],"about":[{"href":"https:\/\/phuonganh-automation.com\/index.php?rest_route=\/wp\/v2\/types\/product"}],"replies":[{"embeddable":true,"href":"https:\/\/phuonganh-automation.com\/index.php?rest_route=%2Fwp%2Fv2%2Fcomments&post=897"}],"wp:featuredmedia":[{"embeddable":true,"href":"https:\/\/phuonganh-automation.com\/index.php?rest_route=\/wp\/v2\/media\/930"}],"wp:attachment":[{"href":"https:\/\/phuonganh-automation.com\/index.php?rest_route=%2Fwp%2Fv2%2Fmedia&parent=897"}],"wp:term":[{"taxonomy":"product_brand","embeddable":true,"href":"https:\/\/phuonganh-automation.com\/index.php?rest_route=%2Fwp%2Fv2%2Fproduct_brand&post=897"},{"taxonomy":"product_cat","embeddable":true,"href":"https:\/\/phuonganh-automation.com\/index.php?rest_route=%2Fwp%2Fv2%2Fproduct_cat&post=897"},{"taxonomy":"product_tag","embeddable":true,"href":"https:\/\/phuonganh-automation.com\/index.php?rest_route=%2Fwp%2Fv2%2Fproduct_tag&post=897"}],"curies":[{"name":"wp","href":"https:\/\/api.w.org\/{rel}","templated":true}]}}