{"id":879,"date":"2025-12-22T11:31:27","date_gmt":"2025-12-22T04:31:27","guid":{"rendered":"https:\/\/phuonganh-automation.com\/?post_type=product&#038;p=879"},"modified":"2025-12-22T11:36:28","modified_gmt":"2025-12-22T04:36:28","slug":"cau-dau-tep-1p-15a-atb-15","status":"publish","type":"product","link":"https:\/\/phuonganh-automation.com\/?product=cau-dau-tep-1p-15a-atb-15","title":{"rendered":"C\u1ea7u \u0111\u1ea5u t\u00e9p 1P 15A  ATB-15"},"content":{"rendered":"<p><strong>C\u1ea7u \u0111\u1ea5u Hivero ATB-15<\/strong>\u00a0(hay c\u00f2n g\u1ecdi l\u00e0\u00a0<strong>Domino T\u00e9p Hivero ATB-15<\/strong>,\u00a0<strong>c\u1ea7u \u0111\u1ea5u 15A<\/strong>) l\u00e0 lo\u1ea1i domino t\u00e9p 1 t\u1ea7ng, chuy\u00ean d\u00f9ng trong h\u1ec7 th\u1ed1ng \u0111i\u1ec7n c\u00f4ng nghi\u1ec7p v\u00e0 d\u00e2n d\u1ee5ng. S\u1ea3n ph\u1ea9m \u0111\u01b0\u1ee3c s\u1ea3n xu\u1ea5t tr\u1ef1c ti\u1ebfp t\u1ea1i nh\u00e0 m\u00e1y\u00a0<strong>Hivero \u2013 H\u00e0n Qu\u1ed1c<\/strong>, \u0111\u1ea1t ti\u00eau chu\u1ea9n qu\u1ed1c t\u1ebf\u00a0<strong>ISO 9001<\/strong>, \u0111\u1ea3m b\u1ea3o ch\u1ea5t l\u01b0\u1ee3ng v\u00e0 \u0111\u1ed9 b\u1ec1n cao.<\/p>\n<h3><strong>Th\u00f4ng s\u1ed1 k\u1ef9 thu\u1eadt c\u1ea7u \u0111\u1ea5u Hivero ATB-15<\/strong><\/h3>\n<table>\n<thead>\n<tr>\n<td><strong>Th\u00f4ng s\u1ed1<\/strong><\/td>\n<td><strong>Gi\u00e1 tr\u1ecb<\/strong><\/td>\n<\/tr>\n<\/thead>\n<tbody>\n<tr>\n<td>\u0110i\u1ec7n \u00e1p \u0111\u1ecbnh m\u1ee9c<\/td>\n<td>600V<\/td>\n<\/tr>\n<tr>\n<td>D\u00f2ng \u0111i\u1ec7n \u0111\u1ecbnh m\u1ee9c<\/td>\n<td>15A<\/td>\n<\/tr>\n<tr>\n<td>S\u1ed1 c\u1ef1c<\/td>\n<td>1P<\/td>\n<\/tr>\n<tr>\n<td>\u0110\u01b0\u1eddng k\u00ednh v\u00edt \u0111\u1ea7u cosse ph\u00f9 h\u1ee3p<\/td>\n<td>M3.5<\/td>\n<\/tr>\n<tr>\n<td>Lo\u1ea1i<\/td>\n<td>Domino t\u00e9p 1 t\u1ea7ng<\/td>\n<\/tr>\n<\/tbody>\n<\/table>\n<h3><strong>\u01afu \u0111i\u1ec3m n\u1ed5i b\u1eadt c\u1ee7a c\u1ea7u \u0111\u1ea5u Hivero ATB-15<\/strong><\/h3>\n<p><strong>Thi\u1ebft k\u1ebf nh\u1ecf g\u1ecdn<\/strong>, d\u1ec5 l\u1eafp \u0111\u1eb7t trong c\u00e1c t\u1ee7 \u0111i\u1ec7n c\u00f3 kh\u00f4ng gian h\u1ea1n ch\u1ebf.<\/p>\n<p><strong>V\u1eadt li\u1ec7u c\u00e1ch \u0111i\u1ec7n cao c\u1ea5p<\/strong>, \u0111\u1ea3m b\u1ea3o an to\u00e0n tuy\u1ec7t \u0111\u1ed1i khi s\u1eed d\u1ee5ng<\/p>\n","protected":false},"excerpt":{"rendered":"<table class=\"woocommerce-product-attributes shop_attributes\">\n<tbody>\n<tr>\n<td>Model<\/td>\n<td>ATB-15<\/td>\n<\/tr>\n<tr>\n<td>H\u00e3ng s\u1ea3n xu\u1ea5t<\/td>\n<td>Hivero<\/td>\n<\/tr>\n<tr>\n<td>Ch\u1ea5t l\u01b0\u1ee3ng<\/td>\n<td>M\u1edbi 100%<\/td>\n<\/tr>\n<tr>\n<td>B\u1ea3o h\u00e0nh<\/td>\n<td>Ch\u00ednh h\u00e3ng<\/td>\n<\/tr>\n<tr>\n<td>Ch\u1ee9ng t\u1eeb<\/td>\n<td>H\u00f3a \u0111\u01a1n VAT<\/td>\n<\/tr>\n<\/tbody>\n<\/table>\n","protected":false},"featured_media":880,"comment_status":"open","ping_status":"closed","template":"","meta":[],"product_brand":[53],"product_cat":[52],"product_tag":[],"class_list":{"0":"post-879","1":"product","2":"type-product","3":"status-publish","4":"has-post-thumbnail","6":"product_brand-hivero","7":"product_cat-hivero","9":"first","10":"instock","11":"taxable","12":"shipping-taxable","13":"purchasable","14":"product-type-simple"},"jetpack_sharing_enabled":true,"_links":{"self":[{"href":"https:\/\/phuonganh-automation.com\/index.php?rest_route=\/wp\/v2\/product\/879","targetHints":{"allow":["GET"]}}],"collection":[{"href":"https:\/\/phuonganh-automation.com\/index.php?rest_route=\/wp\/v2\/product"}],"about":[{"href":"https:\/\/phuonganh-automation.com\/index.php?rest_route=\/wp\/v2\/types\/product"}],"replies":[{"embeddable":true,"href":"https:\/\/phuonganh-automation.com\/index.php?rest_route=%2Fwp%2Fv2%2Fcomments&post=879"}],"wp:featuredmedia":[{"embeddable":true,"href":"https:\/\/phuonganh-automation.com\/index.php?rest_route=\/wp\/v2\/media\/880"}],"wp:attachment":[{"href":"https:\/\/phuonganh-automation.com\/index.php?rest_route=%2Fwp%2Fv2%2Fmedia&parent=879"}],"wp:term":[{"taxonomy":"product_brand","embeddable":true,"href":"https:\/\/phuonganh-automation.com\/index.php?rest_route=%2Fwp%2Fv2%2Fproduct_brand&post=879"},{"taxonomy":"product_cat","embeddable":true,"href":"https:\/\/phuonganh-automation.com\/index.php?rest_route=%2Fwp%2Fv2%2Fproduct_cat&post=879"},{"taxonomy":"product_tag","embeddable":true,"href":"https:\/\/phuonganh-automation.com\/index.php?rest_route=%2Fwp%2Fv2%2Fproduct_tag&post=879"}],"curies":[{"name":"wp","href":"https:\/\/api.w.org\/{rel}","templated":true}]}}