{"id":782,"date":"2025-12-02T08:30:07","date_gmt":"2025-12-02T08:30:07","guid":{"rendered":"https:\/\/phuonganh-automation.com\/?post_type=product&#038;p=782"},"modified":"2025-12-02T08:39:14","modified_gmt":"2025-12-02T08:39:14","slug":"bien-tan-invt-gd200a-018g-022p-4-18-22kw-3-pha-380v","status":"publish","type":"product","link":"https:\/\/phuonganh-automation.com\/?product=bien-tan-invt-gd200a-018g-022p-4-18-22kw-3-pha-380v","title":{"rendered":"Bi\u1ebfn t\u1ea7n INVT GD200A-018G\/022P-4 (18-22kW) 3 Pha 380V"},"content":{"rendered":"<p>\u1ee8ng d\u1ee5ng trong m\u00e1y nghi\u1ec1n, m\u00e1y c\u00e1n, k\u00e9o, c\u1ea3o \u0111\u00f9n, m\u00e1y tr\u00e1ng m\u00e0ng, m\u00e1y xeo gi\u1ea5y, m\u00e1y t\u1ea1o s\u1ee3i, m\u00e1y d\u1ec7t, nhu\u1ed9m, \u0111\u00f3ng g\u00f3i, ch\u1ebf bi\u1ebfn g\u1ed7, b\u0103ng t\u1ea3i, c\u1ea7n tr\u1ee5c, n\u00e2ng h\u1ea1 , m\u00e1y n\u00e9n kh\u00ed, b\u01a1m v\u00e0 qu\u1ea1t\u2026<br \/>\nCh\u1ee9c n\u0103ng ch\u00ednh c\u1ee7a Bi\u1ebfn t\u1ea7n INVT GD200A<br \/>\nCh\u1ebf \u0111\u1ed9 \u0111i\u1ec1u khi\u1ec3n: \u0110i\u1ec1u khi\u1ec3n V\/F (SVPWM), Vector kh\u00f4ng c\u1ea3m bi\u1ebfn (SVC) v\u00e0 \u0111i\u1ec1u khi\u1ec3n Torque<br \/>\nTorque kh\u1edfi \u0111\u1ed9ng \u1edf 0.5Hz: 150%<br \/>\n\u0110i\u1ec1u khi\u1ec3n t\u1ed1c \u0111\u1ed9 ch\u00ednh x\u00e1c \u0111\u1ebfn \u00b10.2%, \u0111\u00e1p \u1ee9ng nhanh &lt;20 ms<br \/>\nTruy\u1ec1n th\u00f4ng: Modbus, RS485<br \/>\nC\u00f4ng su\u1ea5t : 2 c\u1ea5p (G\/P)<br \/>\nS\u1ed1 c\u1ed5ng I\/O: 18<br \/>\nB\u1ed9 l\u1ecdc EMC: T\u00edch h\u1ee3p s\u1eb5n IEC 61800-3 C3 Filter<br \/>\n\u0110i\u1ec7n tr\u1edf th\u1eafng: Braking Unit cho bi\u1ebfn t\u1ea7n v\u1edbi c\u00f4ng su\u1ea5t t\u1eeb 30 kW tr\u1edf xu\u1ed1ng.<br \/>\nK\u1ebft c\u1ea5u g\u1ecdn, c\u1ee9ng c\u00e1p. C\u00f3 \u0111\u01b0\u1eddng l\u00e0m m\u00e1t b\u1eb1ng gi\u00f3 ri\u00eang, ch\u1ecbu \u0111\u01b0\u1ee3c m\u00f4i tr\u01b0\u1eddng b\u1ee5i v\u00e0 \u1ea9m<br \/>\nM\u00e0n h\u00ecnh bi\u1ebfn t\u1ea7n\/ Keypad<\/p>\n<h2>Th\u00f4ng s\u1ed1 k\u1ef9 thu\u1eadt chi ti\u1ebft<\/h2>\n<table class=\"woocommerce-product-attributes shop_attributes\">\n<tbody>\n<tr>\n<td>Model<\/td>\n<td><a href=\"https:\/\/codienhaiau.com\/?p=22984\">GD200A-018G\/022P-4<\/a><\/td>\n<\/tr>\n<tr>\n<td>Series<\/td>\n<td>GD200A<\/td>\n<\/tr>\n<tr>\n<td>C\u00f4ng su\u1ea5t t\u1ea3i n\u1eb7ng<\/td>\n<td>18.5 kW<\/td>\n<\/tr>\n<tr>\n<td>C\u00f4ng su\u1ea5t t\u1ea3i nh\u1eb9<\/td>\n<td>22kW<\/td>\n<\/tr>\n<tr>\n<td>\u0110i\u1ec7n \u00e1p ng\u00f5 v\u00e0o<\/td>\n<td>3 pha 380 V<\/td>\n<\/tr>\n<tr>\n<td>\u0110i\u1ec7n \u00e1p ng\u00f5 ra<\/td>\n<td>3 pha 380 V<\/td>\n<\/tr>\n<tr>\n<td>T\u1ea7n s\u1ed1 ra<\/td>\n<td>0.1-400Hz<\/td>\n<\/tr>\n<tr>\n<td>Momen kh\u1edfi \u0111\u1ed9ng<\/td>\n<td>150%, 0.5Hz, (SVC)<\/td>\n<\/tr>\n<tr>\n<td>Kh\u1ea3 n\u0103ng ch\u1ecbu qu\u00e1 t\u1ea3i<\/td>\n<td>60s v\u01a1\u0301i 150% do\u0300ng \u0111i\u0323nh m\u01b0\u0301c 10s v\u01a1\u0301i 180% do\u0300ng \u0111i\u0323nh m\u01b0\u0301c 1s v\u01a1\u0301i 200% do\u0300ng \u0111i\u0323nh m\u01b0\u0301c<\/td>\n<\/tr>\n<tr>\n<td>T\u00edch h\u1ee3p s\u1eb5n<\/td>\n<td>Keypad B\u1ed9 \u0111i\u1ec1u khi\u1ec3n th\u1eafng (Breaking Unit) C\u1ed5ng truy\u1ec1n th\u00f4ng RS-485 B\u1ed9 l\u1ecdc EMC<\/td>\n<\/tr>\n<tr>\n<td>Ki\u1ec3u \u0111i\u1ec1u khi\u1ec3n<\/td>\n<td>V\/F (SVPWM)<\/td>\n<\/tr>\n<tr>\n<td>S\u1ed1 c\u1ed5ng I\/O<\/td>\n<td>18<\/td>\n<\/tr>\n<tr>\n<td>Nhi\u1ec7t \u0111\u1ed9 m\u00f4i tr\u01b0\u1eddng<\/td>\n<td>-10 \u2026 50 \u00b0C (\u1edf 40 \u00b0C c\u00f4ng su\u1ea5t s\u1ebd gi\u1ea3m)<\/td>\n<\/tr>\n<tr>\n<td>T\u00edch h\u1ee3p qu\u1ea1t l\u00e0m m\u00e1t<\/td>\n<td>C\u00f3<\/td>\n<\/tr>\n<tr>\n<td>H\u1ec7 th\u1ed1ng b\u1ea3o v\u1ec7 n\u00e2ng cao<\/td>\n<td>30 ch\u1ee9c n\u0103ng b\u1ea3o v\u1ec7<\/td>\n<\/tr>\n<tr>\n<td>C\u1ea5p b\u1ea3o v\u1ec7<\/td>\n<td>B\u1ed9 l\u1ecdc EMC t\u00edch h\u1ee3p IP 20 (C3)<\/td>\n<\/tr>\n<tr>\n<td>D\u00f2ng \u0111i\u1ec7n ng\u00f5 v\u00e0o<\/td>\n<td>47\/56A<\/td>\n<\/tr>\n<tr>\n<td>D\u00f2ng \u0111i\u1ec7n ng\u00f5 ra<\/td>\n<td>38\/45A<\/td>\n<\/tr>\n<\/tbody>\n<\/table>\n<h2 id=\"tablepress-69-name\" class=\"tablepress-table-name tablepress-table-name-id-69\">Bi\u1ebfn t\u1ea7n INVT GD200A Series (\u0110i\u1ec7n \u00e1p 3 Pha 380V)<\/h2>\n<table id=\"tablepress-69\" class=\"tablepress tablepress-id-69\" aria-labelledby=\"tablepress-69-name\" aria-describedby=\"tablepress-69-description\">\n<thead>\n<tr class=\"row-1\">\n<th class=\"column-1\">M\u00e3 s\u1ea3n ph\u1ea9m<\/th>\n<th class=\"column-2\">C\u00f4ng su\u1ea5t t\u1ea3i n\u1eb7ng<\/th>\n<th class=\"column-3\">C\u00f4ng su\u1ea5t t\u1ea3i nh\u1eb9<\/th>\n<th class=\"column-4\">D\u00f2ng ch\u1ecbu t\u1ea3i<\/th>\n<\/tr>\n<\/thead>\n<tbody class=\"row-striping row-hover\">\n<tr class=\"row-2\">\n<td class=\"column-1\">GD200A-1R5G-4<\/td>\n<td class=\"column-2\">1.5kW<\/td>\n<td class=\"column-3\"><\/td>\n<td class=\"column-4\">3.7A<\/td>\n<\/tr>\n<tr class=\"row-3\">\n<td class=\"column-1\">GD200A-2R2G-4<\/td>\n<td class=\"column-2\">2.2kW<\/td>\n<td class=\"column-3\"><\/td>\n<td class=\"column-4\">5A<\/td>\n<\/tr>\n<tr class=\"row-4\">\n<td class=\"column-1\">GD200A-004G\/5R5P-4<\/td>\n<td class=\"column-2\">4kW<\/td>\n<td class=\"column-3\">5.5kW<\/td>\n<td class=\"column-4\">9.5\/14A<\/td>\n<\/tr>\n<tr class=\"row-5\">\n<td class=\"column-1\">GD200A-5R5G\/7R5P-4<\/td>\n<td class=\"column-2\">5.5kW<\/td>\n<td class=\"column-3\">7.5kW<\/td>\n<td class=\"column-4\">14\/18.5A<\/td>\n<\/tr>\n<tr class=\"row-6\">\n<td class=\"column-1\">GD200A-7R5G\/011P-4<\/td>\n<td class=\"column-2\">7.5kW<\/td>\n<td class=\"column-3\">11kW<\/td>\n<td class=\"column-4\">18.5\/25A<\/td>\n<\/tr>\n<tr class=\"row-7\">\n<td class=\"column-1\">GD200A-011G\/015P-4<\/td>\n<td class=\"column-2\">11kW<\/td>\n<td class=\"column-3\">15kW<\/td>\n<td class=\"column-4\">25\/32A<\/td>\n<\/tr>\n<tr class=\"row-8\">\n<td class=\"column-1\">GD200A-015G\/018P-4<\/td>\n<td class=\"column-2\">15kW<\/td>\n<td class=\"column-3\">18kW<\/td>\n<td class=\"column-4\">32\/38A<\/td>\n<\/tr>\n<tr class=\"row-9\">\n<td class=\"column-1\">GD200A-018G\/022P-4<\/td>\n<td class=\"column-2\">18kW<\/td>\n<td class=\"column-3\">22kW<\/td>\n<td class=\"column-4\">38\/45A<\/td>\n<\/tr>\n<tr class=\"row-10\">\n<td class=\"column-1\">GD200A-022G\/030P-4<\/td>\n<td class=\"column-2\">22kW<\/td>\n<td class=\"column-3\">30kW<\/td>\n<td class=\"column-4\">45\/60A<\/td>\n<\/tr>\n<tr class=\"row-11\">\n<td class=\"column-1\">GD200A-030G\/037P-4<\/td>\n<td class=\"column-2\">30kW<\/td>\n<td class=\"column-3\">37kW<\/td>\n<td class=\"column-4\">60\/75A<\/td>\n<\/tr>\n<tr class=\"row-12\">\n<td class=\"column-1\">GD200A-037G\/045P-4<\/td>\n<td class=\"column-2\">37kW<\/td>\n<td class=\"column-3\">45kW<\/td>\n<td class=\"column-4\">75\/92A<\/td>\n<\/tr>\n<tr class=\"row-13\">\n<td class=\"column-1\">GD200A-045G\/055P-4<\/td>\n<td class=\"column-2\">45kW<\/td>\n<td class=\"column-3\">55kW<\/td>\n<td class=\"column-4\">92\/115A<\/td>\n<\/tr>\n<tr class=\"row-14\">\n<td class=\"column-1\">GD200A-055G\/075P-4<\/td>\n<td class=\"column-2\">55kW<\/td>\n<td class=\"column-3\">75kW<\/td>\n<td class=\"column-4\">115\/150A<\/td>\n<\/tr>\n<tr class=\"row-15\">\n<td class=\"column-1\">GD200A-075G\/090P-4<\/td>\n<td class=\"column-2\">75kW<\/td>\n<td class=\"column-3\">90kW<\/td>\n<td class=\"column-4\">150\/180A<\/td>\n<\/tr>\n<tr class=\"row-16\">\n<td class=\"column-1\">GD200A-090G\/110P-4<\/td>\n<td class=\"column-2\">90kW<\/td>\n<td class=\"column-3\">110kW<\/td>\n<td class=\"column-4\">180\/215A<\/td>\n<\/tr>\n<tr class=\"row-17\">\n<td class=\"column-1\">GD200A-110G\/132P-4<\/td>\n<td class=\"column-2\">110kW<\/td>\n<td class=\"column-3\">132kW<\/td>\n<td class=\"column-4\">215\/260A<\/td>\n<\/tr>\n<tr class=\"row-18\">\n<td class=\"column-1\">GD200A-132G\/160P-4<\/td>\n<td class=\"column-2\">132kW<\/td>\n<td class=\"column-3\">160kW<\/td>\n<td class=\"column-4\">260\/305A<\/td>\n<\/tr>\n<tr class=\"row-19\">\n<td class=\"column-1\">GD200A-160G\/185P-4<\/td>\n<td class=\"column-2\">160kW<\/td>\n<td class=\"column-3\">185kW<\/td>\n<td class=\"column-4\">305\/340A<\/td>\n<\/tr>\n<tr class=\"row-20\">\n<td class=\"column-1\">GD200A-185G\/200P-4<\/td>\n<td class=\"column-2\">185kW<\/td>\n<td class=\"column-3\">200kW<\/td>\n<td class=\"column-4\">305\/340A<\/td>\n<\/tr>\n<tr class=\"row-21\">\n<td class=\"column-1\">GD200A-200G\/220P-4<\/td>\n<td class=\"column-2\">200kW<\/td>\n<td class=\"column-3\">220kW<\/td>\n<td class=\"column-4\">340\/380A<\/td>\n<\/tr>\n<tr class=\"row-22\">\n<td class=\"column-1\">GD200A-220G\/250P-4<\/td>\n<td class=\"column-2\">220kW<\/td>\n<td class=\"column-3\">250kW<\/td>\n<td class=\"column-4\">425\/480A<\/td>\n<\/tr>\n<tr class=\"row-23\">\n<td class=\"column-1\">GD200A-250G\/280P-4<\/td>\n<td class=\"column-2\">250kW<\/td>\n<td class=\"column-3\">280kW<\/td>\n<td class=\"column-4\">480\/530A<\/td>\n<\/tr>\n<tr class=\"row-24\">\n<td class=\"column-1\">GD200A-280G\/315P-4<\/td>\n<td class=\"column-2\">280kW<\/td>\n<td class=\"column-3\">315kW<\/td>\n<td class=\"column-4\">530\/600A<\/td>\n<\/tr>\n<tr class=\"row-25\">\n<td class=\"column-1\">GD200A-315G\/355P-4<\/td>\n<td class=\"column-2\">315kW<\/td>\n<td class=\"column-3\">355kW<\/td>\n<td class=\"column-4\">600\/650A<\/td>\n<\/tr>\n<\/tbody>\n<\/table>\n<h2>S\u01a1 \u0111\u1ed3 \u0111\u1ea5u d\u00e2y m\u1ea1ch \u0111i\u1ec1u khi\u1ec3n bi\u1ebfn t\u1ea7n INVT GD200A Series<\/h2>\n<p><span class=\"tablepress-table-description tablepress-table-description-id-69\"><br \/>\n<a href=\"https:\/\/codienhaiau.com\/series\/invt-gd200\/\"><img decoding=\"async\" src=\"https:\/\/codienhaiau.com\/wp-content\/uploads\/2022\/12\/so-do-dau-day-mach-dieu-khien-bien-tan-invt-gd200a.jpg\" alt=\"S\u01a1 \u0111\u1ed3 \u0111\u1ea5u d\u00e2y m\u1ea1ch \u0111i\u1ec1u khi\u1ec3n bi\u1ebfn t\u1ea7n INVT GD200A Series\" width=\"100%\" height=\"100%\" \/><\/a><\/span><\/p>\n<p>&nbsp;<\/p>\n<h2>C\u00e1ch l\u1ef1a ch\u1ecdn bi\u1ebfn t\u1ea7n INVT GD200A Series<\/h2>\n<p><span id=\"tablepress-69-description\" class=\"tablepress-table-description tablepress-table-description-id-69\"><br \/>\n<a href=\"https:\/\/codienhaiau.com\/series\/invt-gd200\/\"><img decoding=\"async\" src=\"https:\/\/codienhaiau.com\/wp-content\/uploads\/2021\/12\/lua-chon-bien-tan-invt-gd200a.jpg\" alt=\"C\u00e1ch l\u1ef1a ch\u1ecdn bi\u1ebfn t\u1ea7n INVT GD200A Series\" width=\"100%\" height=\"100%\" \/><\/a><\/span><\/p>\n","protected":false},"excerpt":{"rendered":"<p>&nbsp;<\/p>\n<table class=\"woocommerce-product-attributes shop_attributes\">\n<tbody>\n<tr>\n<td>Model<\/td>\n<td>GD200A-018G\/022P-4<\/td>\n<\/tr>\n<tr>\n<td>H\u00e3ng s\u1ea3n xu\u1ea5t<\/td>\n<td>INVT<\/td>\n<\/tr>\n<tr>\n<td>Ch\u1ea5t l\u01b0\u1ee3ng<\/td>\n<td>M\u1edbi 100%<\/td>\n<\/tr>\n<tr>\n<td>B\u1ea3o h\u00e0nh<\/td>\n<td>Ch\u00ednh h\u00e3ng<\/td>\n<\/tr>\n<tr>\n<td>Ch\u1ee9ng t\u1eeb<\/td>\n<td>H\u00f3a \u0111\u01a1n VAT<\/td>\n<\/tr>\n<\/tbody>\n<\/table>\n","protected":false},"featured_media":780,"comment_status":"open","ping_status":"closed","template":"","meta":[],"product_brand":[],"product_cat":[41],"product_tag":[],"class_list":{"0":"post-782","1":"product","2":"type-product","3":"status-publish","4":"has-post-thumbnail","6":"product_cat-bien-tan-invt","8":"first","9":"instock","10":"taxable","11":"shipping-taxable","12":"product-type-simple"},"jetpack_sharing_enabled":true,"_links":{"self":[{"href":"https:\/\/phuonganh-automation.com\/index.php?rest_route=\/wp\/v2\/product\/782","targetHints":{"allow":["GET"]}}],"collection":[{"href":"https:\/\/phuonganh-automation.com\/index.php?rest_route=\/wp\/v2\/product"}],"about":[{"href":"https:\/\/phuonganh-automation.com\/index.php?rest_route=\/wp\/v2\/types\/product"}],"replies":[{"embeddable":true,"href":"https:\/\/phuonganh-automation.com\/index.php?rest_route=%2Fwp%2Fv2%2Fcomments&post=782"}],"wp:featuredmedia":[{"embeddable":true,"href":"https:\/\/phuonganh-automation.com\/index.php?rest_route=\/wp\/v2\/media\/780"}],"wp:attachment":[{"href":"https:\/\/phuonganh-automation.com\/index.php?rest_route=%2Fwp%2Fv2%2Fmedia&parent=782"}],"wp:term":[{"taxonomy":"product_brand","embeddable":true,"href":"https:\/\/phuonganh-automation.com\/index.php?rest_route=%2Fwp%2Fv2%2Fproduct_brand&post=782"},{"taxonomy":"product_cat","embeddable":true,"href":"https:\/\/phuonganh-automation.com\/index.php?rest_route=%2Fwp%2Fv2%2Fproduct_cat&post=782"},{"taxonomy":"product_tag","embeddable":true,"href":"https:\/\/phuonganh-automation.com\/index.php?rest_route=%2Fwp%2Fv2%2Fproduct_tag&post=782"}],"curies":[{"name":"wp","href":"https:\/\/api.w.org\/{rel}","templated":true}]}}