{"id":1114,"date":"2026-03-28T14:11:13","date_gmt":"2026-03-28T07:11:13","guid":{"rendered":"https:\/\/phuonganh-automation.com\/?post_type=product&#038;p=1114"},"modified":"2026-03-28T14:11:13","modified_gmt":"2026-03-28T07:11:13","slug":"den-xoay-canh-bao-china-lte-1101j-220vac-r-220vac-d100-co-coi-mau-do","status":"publish","type":"product","link":"https:\/\/phuonganh-automation.com\/?product=den-xoay-canh-bao-china-lte-1101j-220vac-r-220vac-d100-co-coi-mau-do","title":{"rendered":"\u0110\u00e8n xoay c\u1ea3nh b\u00e1o CHINA LTE-1101J 220VAC R 220VAC D100 c\u00f3 c\u00f2i m\u00e0u \u0111\u1ecf"},"content":{"rendered":"<table class=\"feature__metadata--tab active w-100\" data-tab=\"0\">\n<thead class=\"d-table w-100\">\n<tr>\n<td>\n<h2 class=\"text-danger fw-bold fs-4\">Th\u00f4ng s\u1ed1 k\u1ef9 thu\u1eadt c\u1ee7a \u0110\u00e8n xoay c\u1ea3nh b\u00e1o CHINA LTE-1101J 220VAC R 220VAC D100 c\u00f3 c\u00f2i m\u00e0u \u0111\u1ecf<button class=\" float-end mb-1 me-2 btn btn-secondary position-relative btn-similar btn_similar_position\" type=\"button\"><\/button><\/h2>\n<\/td>\n<\/tr>\n<\/thead>\n<tbody class=\"d-block mt-1\">\n<tr class=\"bg-light\">\n<td class=\"feature__metadata__td--first p-2 rounded-left\"><label id=\"param_2\">Ki\u1ec3u ch\u1ec9 b\u00e1o<\/label><\/td>\n<td class=\"feature__metadata__td--middle p-2\">\n<div>\u00c1nh s\u00e1ng + \u00e2m thanh<\/div>\n<\/td>\n<td class=\"p-2 rounded-right\"><label><input class=\"form-check-input similar-options\" type=\"checkbox\" value=\"2\" aria-label=\"Ki\u1ec3u ch\u1ec9 b\u00e1o\" data-id=\"45\" data-name=\"Ki\u1ec3u ch\u1ec9 b\u00e1o\" data-value=\"\u00c1nh s\u00e1ng + \u00e2m thanh\" \/><\/label><\/td>\n<\/tr>\n<tr class=\"\">\n<td class=\"feature__metadata__td--first p-2 rounded-left\"><label id=\"param_2\">M\u00e0u \u00e1nh s\u00e1ng<\/label><\/td>\n<td class=\"feature__metadata__td--middle p-2\">\n<div>M\u00e0u \u0111\u1ecf<\/div>\n<\/td>\n<td class=\"p-2 rounded-right\"><label><input class=\"form-check-input similar-options\" type=\"checkbox\" value=\"2\" aria-label=\"M\u00e0u \u00e1nh s\u00e1ng\" data-id=\"44\" data-name=\"M\u00e0u \u00e1nh s\u00e1ng\" data-value=\"M\u00e0u \u0111\u1ecf\" \/><\/label><\/td>\n<\/tr>\n<tr class=\"bg-light\">\n<td class=\"feature__metadata__td--first p-2 rounded-left\"><label id=\"param_2\">C\u1ee1 Lens<\/label><\/td>\n<td class=\"feature__metadata__td--middle p-2\">\n<div>D100mm<\/div>\n<\/td>\n<td class=\"p-2 rounded-right\"><label><input class=\"form-check-input similar-options\" type=\"checkbox\" value=\"3\" aria-label=\"C\u1ee1 Lens\" data-id=\"43\" data-name=\"C\u1ee1 Lens\" data-value=\"D100mm\" \/><\/label><\/td>\n<\/tr>\n<tr class=\"\">\n<td class=\"feature__metadata__td--first p-2 rounded-left\"><label id=\"param_2\">\u0110i\u1ec7n \u00e1p<\/label><\/td>\n<td class=\"feature__metadata__td--middle p-2\">\n<div>220VAC<\/div>\n<\/td>\n<td class=\"p-2 rounded-right\"><label><input class=\"form-check-input similar-options\" type=\"checkbox\" value=\"11\" aria-label=\"\u0110i\u1ec7n \u00e1p\" data-id=\"13\" data-name=\"\u0110i\u1ec7n \u00e1p\" data-value=\"220VAC\" \/><\/label><\/td>\n<\/tr>\n<tr class=\"bg-light\">\n<td class=\"feature__metadata__td--first p-2 rounded-left\"><label id=\"param_2\">Lo\u1ea1i \u0111\u00e8n<\/label><\/td>\n<td class=\"feature__metadata__td--middle p-2\">\n<div>B\u00f3ng s\u1ee3i \u0111\u1ed1t<\/div>\n<\/td>\n<td class=\"p-2 rounded-right\"><label><input class=\"form-check-input similar-options\" type=\"checkbox\" value=\"4\" aria-label=\"Lo\u1ea1i \u0111\u00e8n\" data-id=\"14\" data-name=\"Lo\u1ea1i \u0111\u00e8n\" data-value=\"B\u00f3ng s\u1ee3i \u0111\u1ed1t\" \/><\/label><\/td>\n<\/tr>\n<tr class=\"\">\n<td class=\"feature__metadata__td--first p-2 rounded-left\"><label id=\"param_2\">Ki\u1ec3u s\u00e1ng<\/label><\/td>\n<td class=\"feature__metadata__td--middle p-2\">\n<div>Xoay v\u00f2ng<\/div>\n<\/td>\n<td class=\"p-2 rounded-right\"><label><input class=\"form-check-input similar-options\" type=\"checkbox\" value=\"4\" aria-label=\"Ki\u1ec3u s\u00e1ng\" data-id=\"16\" data-name=\"Ki\u1ec3u s\u00e1ng\" data-value=\"Xoay v\u00f2ng\" \/><\/label><\/td>\n<\/tr>\n<tr class=\"bg-light\">\n<td class=\"feature__metadata__td--first p-2 rounded-left\"><label id=\"param_2\">Ph\u1ee5 ki\u1ec7n \u0111i k\u00e8m<\/label><\/td>\n<td class=\"feature__metadata__td--middle p-2\">\n<div>Kh\u00f4ng<\/div>\n<\/td>\n<td class=\"p-2 rounded-right\"><label><input class=\"form-check-input similar-options\" type=\"checkbox\" value=\"38\" aria-label=\"Ph\u1ee5 ki\u1ec7n \u0111i k\u00e8m\" data-id=\"1\" data-name=\"Ph\u1ee5 ki\u1ec7n \u0111i k\u00e8m\" data-value=\"Kh\u00f4ng\" \/><\/label><\/td>\n<\/tr>\n<tr class=\"\">\n<td class=\"feature__metadata__td--first p-2 rounded-left\"><label id=\"param_2\">Lo\u1ea1i<\/label><\/td>\n<td class=\"feature__metadata__td--middle p-2\">\n<div>\u0110\u00e8n t\u00edn hi\u1ec7u c\u1ea3nh b\u00e1o<\/div>\n<\/td>\n<td class=\"p-2 rounded-right\"><label><input class=\"form-check-input similar-options\" type=\"checkbox\" value=\"4\" aria-label=\"Lo\u1ea1i\" data-id=\"11\" data-name=\"Lo\u1ea1i\" data-value=\"\u0110\u00e8n t\u00edn hi\u1ec7u c\u1ea3nh b\u00e1o\" \/><\/label><\/td>\n<\/tr>\n<tr class=\"bg-light\">\n<td class=\"feature__metadata__td--first p-2 rounded-left\"><label id=\"param_2\">H\u00ecnh d\u1ea1ng Lens<\/label><\/td>\n<td class=\"feature__metadata__td--middle p-2\">\n<div>H\u00ecnh v\u00f2m<\/div>\n<\/td>\n<td class=\"p-2 rounded-right\"><label><input class=\"form-check-input similar-options\" type=\"checkbox\" value=\"5\" aria-label=\"H\u00ecnh d\u1ea1ng Lens\" data-id=\"12\" data-name=\"H\u00ecnh d\u1ea1ng Lens\" data-value=\"H\u00ecnh v\u00f2m\" \/><\/label><\/td>\n<\/tr>\n<tr class=\"\">\n<td class=\"feature__metadata__td--first p-2 rounded-left\"><label id=\"param_2\">Chi\u1ec1u cao 1 t\u1ea7ng<\/label><\/td>\n<td class=\"feature__metadata__td--middle p-2\">\n<div>100mm<\/div>\n<\/td>\n<td class=\"p-2 rounded-right\"><label><input class=\"form-check-input similar-options\" type=\"checkbox\" value=\"8\" aria-label=\"Chi\u1ec1u cao 1 t\u1ea7ng\" data-id=\"46\" data-name=\"Chi\u1ec1u cao 1 t\u1ea7ng\" data-value=\"100mm\" \/><\/label><\/td>\n<\/tr>\n<tr class=\"bg-light\">\n<td class=\"feature__metadata__td--first p-2 rounded-left\"><label id=\"param_2\">T\u1ed1c \u0111\u1ed9 quay<\/label><\/td>\n<td class=\"feature__metadata__td--middle p-2\">\n<div>120&#8230;140 v\u00f2ng\/ph\u00fat<\/div>\n<\/td>\n<td class=\"p-2 rounded-right\"><label><input class=\"form-check-input similar-options\" type=\"checkbox\" value=\"5\" aria-label=\"T\u1ed1c \u0111\u1ed9 quay\" data-id=\"18\" data-name=\"T\u1ed1c \u0111\u1ed9 quay\" data-value=\"120...140 v\u00f2ng\/ph\u00fat\" \/><\/label><\/td>\n<\/tr>\n<tr class=\"\">\n<td class=\"feature__metadata__td--first p-2 rounded-left\"><label id=\"param_2\">S\u1ed1 \u00e2m thanh<\/label><\/td>\n<td class=\"feature__metadata__td--middle p-2\">\n<div>1<\/div>\n<\/td>\n<td class=\"p-2 rounded-right\"><label><input class=\"form-check-input similar-options\" type=\"checkbox\" value=\"8\" aria-label=\"S\u1ed1 \u00e2m thanh\" data-id=\"25\" data-name=\"S\u1ed1 \u00e2m thanh\" data-value=\"1\" \/><\/label><\/td>\n<\/tr>\n<tr class=\"bg-light\">\n<td class=\"feature__metadata__td--first p-2 rounded-left\"><label id=\"param_2\">Lo\u1ea1i \u00e2m thanh<\/label><\/td>\n<td class=\"feature__metadata__td--middle p-2\">\n<div>Buzzer<\/div>\n<\/td>\n<td class=\"p-2 rounded-right\"><label><input class=\"form-check-input similar-options\" type=\"checkbox\" value=\"237\" aria-label=\"Lo\u1ea1i \u00e2m thanh\" data-id=\"26\" data-name=\"Lo\u1ea1i \u00e2m thanh\" data-value=\"Buzzer\" \/><\/label><\/td>\n<\/tr>\n<tr class=\"\">\n<td class=\"feature__metadata__td--first p-2 rounded-left\"><label id=\"param_2\">\u00c2m l\u01b0\u1ee3ng (t\u1ea1i 1m)<\/label><\/td>\n<td class=\"feature__metadata__td--middle p-2\">\n<div>90dB<\/div>\n<\/td>\n<td class=\"p-2 rounded-right\"><label><input class=\"form-check-input similar-options\" type=\"checkbox\" value=\"4\" aria-label=\"\u00c2m l\u01b0\u1ee3ng (t\u1ea1i 1m)\" data-id=\"27\" data-name=\"\u00c2m l\u01b0\u1ee3ng (t\u1ea1i 1m)\" data-value=\"90dB\" \/><\/label><\/td>\n<\/tr>\n<tr class=\"bg-light\">\n<td class=\"feature__metadata__td--first p-2 rounded-left\"><label id=\"param_2\">\u0110i\u1ec1u ch\u1ec9nh \u00e2m l\u01b0\u1ee3ng<\/label><\/td>\n<td class=\"feature__metadata__td--middle p-2\">\n<div>Kh\u00f4ng<\/div>\n<\/td>\n<td class=\"p-2 rounded-right\"><label><input class=\"form-check-input similar-options\" type=\"checkbox\" value=\"4\" aria-label=\"\u0110i\u1ec1u ch\u1ec9nh \u00e2m l\u01b0\u1ee3ng\" data-id=\"28\" data-name=\"\u0110i\u1ec1u ch\u1ec9nh \u00e2m l\u01b0\u1ee3ng\" data-value=\"Kh\u00f4ng\" \/><\/label><\/td>\n<\/tr>\n<tr class=\"\">\n<td class=\"feature__metadata__td--first p-2 rounded-left\"><label id=\"param_2\">M\u00e0u th\u00e2n<\/label><\/td>\n<td class=\"feature__metadata__td--middle p-2\">\n<div>M\u00e0u tr\u1eafng<\/div>\n<\/td>\n<td class=\"p-2 rounded-right\"><label><input class=\"form-check-input similar-options\" type=\"checkbox\" value=\"2\" aria-label=\"M\u00e0u th\u00e2n\" data-id=\"19\" data-name=\"M\u00e0u th\u00e2n\" data-value=\"M\u00e0u tr\u1eafng\" \/><\/label><\/td>\n<\/tr>\n<tr class=\"bg-light\">\n<td class=\"feature__metadata__td--first p-2 rounded-left\"><label id=\"param_2\">Ch\u1ea5t li\u1ec7u Lens<\/label><\/td>\n<td class=\"feature__metadata__td--middle p-2\">\n<div>Nh\u1ef1a<\/div>\n<\/td>\n<td class=\"p-2 rounded-right\"><label><input class=\"form-check-input similar-options\" type=\"checkbox\" value=\"2\" aria-label=\"Ch\u1ea5t li\u1ec7u Lens\" data-id=\"29\" data-name=\"Ch\u1ea5t li\u1ec7u Lens\" data-value=\"Nh\u1ef1a\" \/><\/label><\/td>\n<\/tr>\n<tr class=\"\">\n<td class=\"feature__metadata__td--first p-2 rounded-left\"><label id=\"param_2\">Ch\u1ea5t li\u1ec7u v\u1ecf<\/label><\/td>\n<td class=\"feature__metadata__td--middle p-2\">\n<div>Nh\u1ef1a<\/div>\n<\/td>\n<td class=\"p-2 rounded-right\"><label><input class=\"form-check-input similar-options\" type=\"checkbox\" value=\"1\" aria-label=\"Ch\u1ea5t li\u1ec7u v\u1ecf\" data-id=\"30\" data-name=\"Ch\u1ea5t li\u1ec7u v\u1ecf\" data-value=\"Nh\u1ef1a\" \/><\/label><\/td>\n<\/tr>\n<tr class=\"bg-light\">\n<td class=\"feature__metadata__td--first p-2 rounded-left\"><label id=\"param_2\">Giao di\u1ec7n truy\u1ec1n th\u00f4ng<\/label><\/td>\n<td class=\"feature__metadata__td--middle p-2\">\n<div>No<\/div>\n<\/td>\n<td class=\"p-2 rounded-right\"><label><input class=\"form-check-input similar-options\" type=\"checkbox\" value=\"7\" aria-label=\"Giao di\u1ec7n truy\u1ec1n th\u00f4ng\" data-id=\"35\" data-name=\"Giao di\u1ec7n truy\u1ec1n th\u00f4ng\" data-value=\"No\" \/><\/label><\/td>\n<\/tr>\n<tr class=\"\">\n<td class=\"feature__metadata__td--first p-2 rounded-left\"><label id=\"param_2\">Ph\u01b0\u01a1ng ph\u00e1p l\u1eafp \u0111\u1eb7t<\/label><\/td>\n<td class=\"feature__metadata__td--middle p-2\">\n<div>L\u1eafp b\u1ec1 m\u1eb7t (l\u1eafp tr\u1ef1c ti\u1ebfp)<\/div>\n<\/td>\n<td class=\"p-2 rounded-right\"><label><input class=\"form-check-input similar-options\" type=\"checkbox\" value=\"2\" aria-label=\"Ph\u01b0\u01a1ng ph\u00e1p l\u1eafp \u0111\u1eb7t\" data-id=\"37\" data-name=\"Ph\u01b0\u01a1ng ph\u00e1p l\u1eafp \u0111\u1eb7t\" data-value=\"L\u1eafp b\u1ec1 m\u1eb7t (l\u1eafp tr\u1ef1c ti\u1ebfp)\" \/><\/label><\/td>\n<\/tr>\n<tr class=\"bg-light\">\n<td class=\"feature__metadata__td--first p-2 rounded-left\"><label id=\"param_2\">Ki\u1ec3u k\u1ebft n\u1ed1i<\/label><\/td>\n<td class=\"feature__metadata__td--middle p-2\">\n<div>D\u00e2y li\u1ec1n<\/div>\n<\/td>\n<td class=\"p-2 rounded-right\"><label><input class=\"form-check-input similar-options\" type=\"checkbox\" value=\"2\" aria-label=\"Ki\u1ec3u k\u1ebft n\u1ed1i\" data-id=\"38\" data-name=\"Ki\u1ec3u k\u1ebft n\u1ed1i\" data-value=\"D\u00e2y li\u1ec1n\" \/><\/label><\/td>\n<\/tr>\n<tr class=\"\">\n<td class=\"feature__metadata__td--first p-2 rounded-left\"><label id=\"param_2\">Nhi\u1ec7t \u0111\u1ed9 m\u00f4i tr\u01b0\u1eddng<\/label><\/td>\n<td class=\"feature__metadata__td--middle p-2\">\n<div>-30&#8230;70\u00b0C<\/div>\n<\/td>\n<td class=\"p-2 rounded-right\"><label><input class=\"form-check-input similar-options\" type=\"checkbox\" value=\"19\" aria-label=\"Nhi\u1ec7t \u0111\u1ed9 m\u00f4i tr\u01b0\u1eddng\" data-id=\"40\" data-name=\"Nhi\u1ec7t \u0111\u1ed9 m\u00f4i tr\u01b0\u1eddng\" data-value=\"-30...70\u00b0C\" \/><\/label><\/td>\n<\/tr>\n<tr class=\"bg-light\">\n<td class=\"feature__metadata__td--first p-2 rounded-left\"><label id=\"param_2\">\u0110\u1ed9 \u1ea9m m\u00f4i tr\u01b0\u1eddng<\/label><\/td>\n<td class=\"feature__metadata__td--middle p-2\">\n<div>10&#8230;90%<\/div>\n<\/td>\n<td class=\"p-2 rounded-right\"><label><input class=\"form-check-input similar-options\" type=\"checkbox\" value=\"7\" aria-label=\"\u0110\u1ed9 \u1ea9m m\u00f4i tr\u01b0\u1eddng\" data-id=\"41\" data-name=\"\u0110\u1ed9 \u1ea9m m\u00f4i tr\u01b0\u1eddng\" data-value=\"10...90%\" \/><\/label><\/td>\n<\/tr>\n<tr class=\"\">\n<td class=\"feature__metadata__td--first p-2 rounded-left\"><label id=\"param_2\">\u0110\u01b0\u1eddng k\u00ednh t\u1ed5ng th\u1ec3<\/label><\/td>\n<td class=\"feature__metadata__td--middle p-2\">\n<div>102mm<\/div>\n<\/td>\n<td class=\"p-2 rounded-right\"><label><input class=\"form-check-input similar-options\" type=\"checkbox\" value=\"67\" aria-label=\"\u0110\u01b0\u1eddng k\u00ednh t\u1ed5ng th\u1ec3\" data-id=\"9\" data-name=\"\u0110\u01b0\u1eddng k\u00ednh t\u1ed5ng th\u1ec3\" data-value=\"102mm\" \/><\/label><\/td>\n<\/tr>\n<tr class=\"bg-light\">\n<td class=\"feature__metadata__td--first p-2 rounded-left\"><label id=\"param_2\">Chi\u1ec1u d\u00e0i t\u1ed5ng th\u1ec3<\/label><\/td>\n<td class=\"feature__metadata__td--middle p-2\">\n<div>175mm<\/div>\n<\/td>\n<\/tr>\n<\/tbody>\n<\/table>\n","protected":false},"excerpt":{"rendered":"<p>Model: LTE-1101J 220VAC R<\/p>\n<p>Th\u01b0\u01a1ng hi\u1ec7u: China<\/p>\n<p>Ki\u1ec3u ch\u1ec9 b\u00e1o: \u00c1nh s\u00e1ng + \u00e2m thanh;<\/p>\n<p>M\u00e0u \u0111\u1ecf; C\u1ee1 Lens: D100mm; 220VAC;<\/p>\n<p>B\u00f3ng s\u1ee3i \u0111\u1ed1t;<\/p>\n<p>Ki\u1ec3u s\u00e1ng: Xoay v\u00f2ng<\/p>\n","protected":false},"featured_media":1115,"comment_status":"open","ping_status":"closed","template":"","meta":[],"product_brand":[],"product_cat":[64],"product_tag":[],"class_list":{"0":"post-1114","1":"product","2":"type-product","3":"status-publish","4":"has-post-thumbnail","6":"product_cat-phu-kien-khac","8":"first","9":"instock","10":"taxable","11":"shipping-taxable","12":"product-type-simple"},"jetpack_sharing_enabled":true,"_links":{"self":[{"href":"https:\/\/phuonganh-automation.com\/index.php?rest_route=\/wp\/v2\/product\/1114","targetHints":{"allow":["GET"]}}],"collection":[{"href":"https:\/\/phuonganh-automation.com\/index.php?rest_route=\/wp\/v2\/product"}],"about":[{"href":"https:\/\/phuonganh-automation.com\/index.php?rest_route=\/wp\/v2\/types\/product"}],"replies":[{"embeddable":true,"href":"https:\/\/phuonganh-automation.com\/index.php?rest_route=%2Fwp%2Fv2%2Fcomments&post=1114"}],"wp:featuredmedia":[{"embeddable":true,"href":"https:\/\/phuonganh-automation.com\/index.php?rest_route=\/wp\/v2\/media\/1115"}],"wp:attachment":[{"href":"https:\/\/phuonganh-automation.com\/index.php?rest_route=%2Fwp%2Fv2%2Fmedia&parent=1114"}],"wp:term":[{"taxonomy":"product_brand","embeddable":true,"href":"https:\/\/phuonganh-automation.com\/index.php?rest_route=%2Fwp%2Fv2%2Fproduct_brand&post=1114"},{"taxonomy":"product_cat","embeddable":true,"href":"https:\/\/phuonganh-automation.com\/index.php?rest_route=%2Fwp%2Fv2%2Fproduct_cat&post=1114"},{"taxonomy":"product_tag","embeddable":true,"href":"https:\/\/phuonganh-automation.com\/index.php?rest_route=%2Fwp%2Fv2%2Fproduct_tag&post=1114"}],"curies":[{"name":"wp","href":"https:\/\/api.w.org\/{rel}","templated":true}]}}