{"id":1112,"date":"2026-03-27T16:14:51","date_gmt":"2026-03-27T09:14:51","guid":{"rendered":"https:\/\/phuonganh-automation.com\/?post_type=product&#038;p=1112"},"modified":"2026-03-27T16:14:52","modified_gmt":"2026-03-27T09:14:52","slug":"day-dien-1-loi-cadisun-vcsf-1x10mm2-450v-750v-den","status":"publish","type":"product","link":"https:\/\/phuonganh-automation.com\/?product=day-dien-1-loi-cadisun-vcsf-1x10mm2-450v-750v-den","title":{"rendered":"D\u00e2y \u0111i\u1ec7n 1 l\u00f5i Cadisun VCSF-1x10mm2\u2013450V, 750V (\u0110en)"},"content":{"rendered":"<table class=\"woocommerce-product-attributes shop_attributes\">\n<tbody>\n<tr>\n<td>V\u1eadt li\u1ec7u d\u1eabn<\/td>\n<td>\u0110\u1ed3ng<\/td>\n<\/tr>\n<tr>\n<td>S\u1ed1 d\u00e2y v\u00e0 ti\u1ebft di\u1ec7n c\u1ee7a d\u00e2y (mm\u00b2)<\/td>\n<td>1x10mm\u00b2<\/td>\n<\/tr>\n<tr>\n<td>Ph\u00e2n lo\u1ea1i d\u00e2y d\u1eabn<\/td>\n<td>L\u00f5i nhi\u1ec1u s\u1ee3i \u0111\u1ed3ng<\/td>\n<\/tr>\n<tr>\n<td>Lo\u1ea1i d\u00e2y<\/td>\n<td>C\u00e1ch \u0111i\u1ec7n<\/td>\n<\/tr>\n<tr>\n<td>M\u00e0u c\u1ee7a l\u1edbp c\u00e1ch \u0111i\u1ec7n b\u00ean ngo\u00e0i<\/td>\n<td>\u0110en<\/td>\n<\/tr>\n<tr>\n<td>Lo\u1ea1i<\/td>\n<td>D\u00e2y \u0111i\u1ec7n<\/td>\n<\/tr>\n<tr>\n<td>\u1ee8ng d\u1ee5ng<\/td>\n<td>Ngu\u1ed3n c\u1ea5p<\/td>\n<\/tr>\n<tr>\n<td>C\u1ea5p \u0111i\u1ec7n \u00e1p<\/td>\n<td>Low voltage cables<\/td>\n<\/tr>\n<tr>\n<td>\u0110i\u1ec7n \u00e1p<\/td>\n<td>450V, 750V<\/td>\n<\/tr>\n<tr>\n<td>S\u1ed1 d\u00e2y<\/td>\n<td>1<\/td>\n<\/tr>\n<tr>\n<td>Ti\u1ebft di\u1ec7n d\u00e2y<\/td>\n<td>10mm\u00b2<\/td>\n<\/tr>\n<tr>\n<td>Ch\u1ea5t li\u1ec7u l\u1edbp c\u00e1ch \u0111i\u1ec7n b\u00ean ngo\u00e0i<\/td>\n<td>PVC<\/td>\n<\/tr>\n<tr>\n<td>C\u1ea5u tr\u00fac l\u00f5i d\u00e2y (No.\/mm)<\/td>\n<td>123\/0.32<\/td>\n<\/tr>\n<tr>\n<td>\u0110\u1ed9 u\u1ed1n<\/td>\n<td>Continuous flex<\/td>\n<\/tr>\n<tr>\n<td>\u0110i\u1ec7n tr\u1edf m\u1ed9t chi\u1ec1u t\u1ed1i \u0111a c\u1ee7a d\u00e2y d\u1eabn t\u1ea1i 20\u00b0C (ohm\/km)<\/td>\n<td>1.91<\/td>\n<\/tr>\n<tr>\n<td>\u0110\u01b0\u1eddng k\u00ednh b\u00ean ngo\u00e0i d\u00e2y<\/td>\n<td>6.1mm<\/td>\n<\/tr>\n<tr>\n<td>Chi\u1ec1u d\u00e0i c\u00e1p \/ d\u00e2y<\/td>\n<td>Li\u00ean h\u1ec7 \u0111\u1ec3 \u0111\u01b0\u1ee3c t\u01b0 v\u1ea5n<\/td>\n<\/tr>\n<tr>\n<td>Chi\u1ec1u d\u00e0i cu\u1ed9n ti\u00eau chu\u1ea9n<\/td>\n<td>100m<\/td>\n<\/tr>\n<tr>\n<td>M\u00f4i tr\u01b0\u1eddng ho\u1ea1t \u0111\u1ed9ng<\/td>\n<td>Ti\u00eau chu\u1ea9n<\/td>\n<\/tr>\n<tr>\n<td>Tr\u1ecdng l\u01b0\u1ee3ng m\u1ed7i m\u00e9t d\u00e0i<\/td>\n<td>121.1g<\/td>\n<\/tr>\n<tr>\n<td>\u0110\u01b0\u1eddng k\u00ednh t\u1ed5ng th\u1ec3<\/td>\n<td>6.1mm<\/td>\n<\/tr>\n<tr>\n<td>Chi\u1ec1u d\u00e0i t\u1ed5ng th\u1ec3<\/td>\n<td>Li\u00ean h\u1ec7 \u0111\u1ec3 \u0111\u01b0\u1ee3c t\u01b0 v\u1ea5n<\/td>\n<\/tr>\n<\/tbody>\n<\/table>\n","protected":false},"excerpt":{"rendered":"<p>Model: VCSF 1\u00d710.0<br \/>\nH\u00e3ng s\u1ea3n xu\u1ea5t: CADISUN<br \/>\nCh\u1ea5t l\u01b0\u1ee3ng: M\u1edbi 100%<br \/>\nB\u1ea3o h\u00e0nh: Ch\u00ednh h\u00e3ng<br \/>\nCh\u1ee9ng t\u1eeb: CO\/CQ, h\u00f3a \u0111\u01a1n VAT<\/p>\n","protected":false},"featured_media":1105,"comment_status":"open","ping_status":"closed","template":"","meta":[],"product_brand":[63],"product_cat":[61],"product_tag":[],"class_list":{"0":"post-1112","1":"product","2":"type-product","3":"status-publish","4":"has-post-thumbnail","6":"product_brand-cadisun","7":"product_cat-day-dien","9":"first","10":"instock","11":"taxable","12":"shipping-taxable","13":"product-type-simple"},"jetpack_sharing_enabled":true,"_links":{"self":[{"href":"https:\/\/phuonganh-automation.com\/index.php?rest_route=\/wp\/v2\/product\/1112","targetHints":{"allow":["GET"]}}],"collection":[{"href":"https:\/\/phuonganh-automation.com\/index.php?rest_route=\/wp\/v2\/product"}],"about":[{"href":"https:\/\/phuonganh-automation.com\/index.php?rest_route=\/wp\/v2\/types\/product"}],"replies":[{"embeddable":true,"href":"https:\/\/phuonganh-automation.com\/index.php?rest_route=%2Fwp%2Fv2%2Fcomments&post=1112"}],"wp:featuredmedia":[{"embeddable":true,"href":"https:\/\/phuonganh-automation.com\/index.php?rest_route=\/wp\/v2\/media\/1105"}],"wp:attachment":[{"href":"https:\/\/phuonganh-automation.com\/index.php?rest_route=%2Fwp%2Fv2%2Fmedia&parent=1112"}],"wp:term":[{"taxonomy":"product_brand","embeddable":true,"href":"https:\/\/phuonganh-automation.com\/index.php?rest_route=%2Fwp%2Fv2%2Fproduct_brand&post=1112"},{"taxonomy":"product_cat","embeddable":true,"href":"https:\/\/phuonganh-automation.com\/index.php?rest_route=%2Fwp%2Fv2%2Fproduct_cat&post=1112"},{"taxonomy":"product_tag","embeddable":true,"href":"https:\/\/phuonganh-automation.com\/index.php?rest_route=%2Fwp%2Fv2%2Fproduct_tag&post=1112"}],"curies":[{"name":"wp","href":"https:\/\/api.w.org\/{rel}","templated":true}]}}