{"id":1100,"date":"2026-03-26T17:30:24","date_gmt":"2026-03-26T10:30:24","guid":{"rendered":"https:\/\/phuonganh-automation.com\/?post_type=product&#038;p=1100"},"modified":"2026-03-26T17:30:24","modified_gmt":"2026-03-26T10:30:24","slug":"nut-nhan-nha-idec-yw1l-mf2e01qm3r-1nc-22mm-220v-do","status":"publish","type":"product","link":"https:\/\/phuonganh-automation.com\/?product=nut-nhan-nha-idec-yw1l-mf2e01qm3r-1nc-22mm-220v-do","title":{"rendered":"N\u00fat nh\u1ea5n nh\u1ea3 IDEC YW1L-MF2E01QM3R 1NC 22mm 220V (\u0110\u1ecf)"},"content":{"rendered":"<div id=\"tab-description\" class=\"woocommerce-Tabs-panel woocommerce-Tabs-panel--description panel entry-content wc-tab\" role=\"tabpanel\" aria-labelledby=\"tab-title-description\">\n<p>N\u00fat nh\u1ea5n c\u00f3 \u0111\u00e8n, lo\u1ea1i ph\u1eb3ng, IP 65 ngo\u00e0i m\u1eb7t t\u1ee7<\/p>\n<\/div>\n<div id=\"tab-additional_information\" class=\"woocommerce-Tabs-panel woocommerce-Tabs-panel--additional_information panel entry-content wc-tab\" role=\"tabpanel\" aria-labelledby=\"tab-title-additional_information\">\n<h2>Th\u00f4ng tin b\u1ed5 sung<\/h2>\n<table class=\"woocommerce-product-attributes shop_attributes\">\n<tbody>\n<tr class=\"woocommerce-product-attributes-item woocommerce-product-attributes-item--attribute_pa_brand\">\n<th class=\"woocommerce-product-attributes-item__label\">Th\u01b0\u01a1ng hi\u1ec7u<\/th>\n<td class=\"woocommerce-product-attributes-item__value\">\n<div>\n<p><a href=\"https:\/\/codienhaiau.com\/brand\/idec\/\" rel=\"tag\">IDEC<\/a><\/p>\n<\/div>\n<\/td>\n<\/tr>\n<tr class=\"woocommerce-product-attributes-item woocommerce-product-attributes-item--attribute_pa_thoi-gian-bao-hanh\">\n<th class=\"woocommerce-product-attributes-item__label\">Th\u1eddi gian b\u1ea3o h\u00e0nh<\/th>\n<td class=\"woocommerce-product-attributes-item__value\">\n<div>\n<p>1 N\u0103m<\/p>\n<\/div>\n<\/td>\n<\/tr>\n<tr class=\"woocommerce-product-attributes-item woocommerce-product-attributes-item--attribute_pa_mau\">\n<th class=\"woocommerce-product-attributes-item__label\">M\u00e0u<\/th>\n<td class=\"woocommerce-product-attributes-item__value\">\n<div>\n<p>\u0110\u1ecf<\/p>\n<\/div>\n<\/td>\n<\/tr>\n<tr class=\"woocommerce-product-attributes-item woocommerce-product-attributes-item--attribute_pa_duong-kinh\">\n<th class=\"woocommerce-product-attributes-item__label\">\u0110\u01b0\u1eddng k\u00ednh<\/th>\n<td class=\"woocommerce-product-attributes-item__value\">\n<div>\n<p>22mm<\/p>\n<\/div>\n<\/td>\n<\/tr>\n<tr class=\"woocommerce-product-attributes-item woocommerce-product-attributes-item--attribute_pa_tiep-diem\">\n<th class=\"woocommerce-product-attributes-item__label\">Ti\u1ebfp \u0111i\u1ec3m<\/th>\n<td class=\"woocommerce-product-attributes-item__value\">\n<div>\n<p>1NO<\/p>\n<\/div>\n<\/td>\n<\/tr>\n<tr class=\"woocommerce-product-attributes-item woocommerce-product-attributes-item--attribute_pa_dien-ap-ngo-vao\">\n<th class=\"woocommerce-product-attributes-item__label\">\u0110i\u1ec7n \u00e1p ng\u00f5 v\u00e0o<\/th>\n<td class=\"woocommerce-product-attributes-item__value\">\n<div>\n<p><a href=\"https:\/\/codienhaiau.com\/dien-ap-ngo-vao\/220v\/\" rel=\"tag\">220V<\/a><\/p>\n<\/div>\n<\/td>\n<\/tr>\n<\/tbody>\n<\/table>\n<\/div>\n","protected":false},"excerpt":{"rendered":"<p>Model: YW1L-MF2E01QM3R<br \/>\nH\u00e3ng s\u1ea3n xu\u1ea5t: IDEC<br \/>\nCh\u1ea5t l\u01b0\u1ee3ng: M\u1edbi 100%<br \/>\nCh\u1ee9ng t\u1eeb : CO\/CQ, h\u00f3a \u0111\u01a1n VAT<\/p>\n","protected":false},"featured_media":1101,"comment_status":"open","ping_status":"closed","template":"","meta":[],"product_brand":[60],"product_cat":[59],"product_tag":[],"class_list":{"0":"post-1100","1":"product","2":"type-product","3":"status-publish","4":"has-post-thumbnail","6":"product_brand-idec","7":"product_cat-idec","9":"first","10":"instock","11":"taxable","12":"shipping-taxable","13":"product-type-simple"},"jetpack_sharing_enabled":true,"_links":{"self":[{"href":"https:\/\/phuonganh-automation.com\/index.php?rest_route=\/wp\/v2\/product\/1100","targetHints":{"allow":["GET"]}}],"collection":[{"href":"https:\/\/phuonganh-automation.com\/index.php?rest_route=\/wp\/v2\/product"}],"about":[{"href":"https:\/\/phuonganh-automation.com\/index.php?rest_route=\/wp\/v2\/types\/product"}],"replies":[{"embeddable":true,"href":"https:\/\/phuonganh-automation.com\/index.php?rest_route=%2Fwp%2Fv2%2Fcomments&post=1100"}],"wp:featuredmedia":[{"embeddable":true,"href":"https:\/\/phuonganh-automation.com\/index.php?rest_route=\/wp\/v2\/media\/1101"}],"wp:attachment":[{"href":"https:\/\/phuonganh-automation.com\/index.php?rest_route=%2Fwp%2Fv2%2Fmedia&parent=1100"}],"wp:term":[{"taxonomy":"product_brand","embeddable":true,"href":"https:\/\/phuonganh-automation.com\/index.php?rest_route=%2Fwp%2Fv2%2Fproduct_brand&post=1100"},{"taxonomy":"product_cat","embeddable":true,"href":"https:\/\/phuonganh-automation.com\/index.php?rest_route=%2Fwp%2Fv2%2Fproduct_cat&post=1100"},{"taxonomy":"product_tag","embeddable":true,"href":"https:\/\/phuonganh-automation.com\/index.php?rest_route=%2Fwp%2Fv2%2Fproduct_tag&post=1100"}],"curies":[{"name":"wp","href":"https:\/\/api.w.org\/{rel}","templated":true}]}}