{"id":1097,"date":"2026-03-26T16:56:49","date_gmt":"2026-03-26T09:56:49","guid":{"rendered":"https:\/\/phuonganh-automation.com\/?post_type=product&#038;p=1097"},"modified":"2026-03-26T16:56:49","modified_gmt":"2026-03-26T09:56:49","slug":"den-bao-pha-idec-yw1p-1eq4y-24vdc-22mm-vang","status":"publish","type":"product","link":"https:\/\/phuonganh-automation.com\/?product=den-bao-pha-idec-yw1p-1eq4y-24vdc-22mm-vang","title":{"rendered":"\u0110\u00e8n b\u00e1o pha IDEC YW1P-1EQ4Y 24VDC 22mm (v\u00e0ng)"},"content":{"rendered":"<div id=\"tab-description\" class=\"woocommerce-Tabs-panel woocommerce-Tabs-panel--description panel entry-content wc-tab\" role=\"tabpanel\" aria-labelledby=\"tab-title-description\">\n<p>D\u00f2ng s\u1ea3n ph\u1ea9m \u0111\u00e8n b\u00e1o n\u00e0y \u0111\u01b0\u1ee3c s\u1eed d\u1ee5ng \u0111\u1ec3 hi\u1ec7n th\u1ecb c\u00e1c t\u00edn hi\u1ec7u c\u1ee7a h\u1ec7 th\u1ed1ng t\u1ee7 b\u1ea3ng \u0111i\u1ec7n nh\u01b0: b\u00e1o pha, b\u00e1o l\u1ed7i,\u2026hay c\u00f3 th\u1ec3 t\u00e1c \u0111\u1ed9ng tr\u1ef1c ti\u1ebfp nh\u1eb1m thay \u0111\u1ed5i t\u00ecnh tr\u1ea1ng hi\u1ec7n t\u1ea1i c\u1ee7a h\u1ec7 th\u1ed1ng th\u00f4ng qua c\u00e1c n\u00fat nh\u1ea5n hay n\u00fat nh\u1ea5n c\u00f3 \u0111\u00e8n.<br \/>\n\u0110\u00e8n b\u00e1o \u03a622<br \/>\n\u0110\u00e8n LED: Kh\u00f4ng c\u00f3 bi\u1ebfn th\u1ebf, IP 65 ngo\u00e0i m\u1eb7t t\u1ee7<br \/>\n\u0110i\u1ec7n \u00e1p ngu\u1ed3n: 24V AC\/DC<\/p>\n<\/div>\n<div id=\"tab-additional_information\" class=\"woocommerce-Tabs-panel woocommerce-Tabs-panel--additional_information panel entry-content wc-tab\" role=\"tabpanel\" aria-labelledby=\"tab-title-additional_information\">\n<h2>Th\u00f4ng tin b\u1ed5 sung<\/h2>\n<table class=\"woocommerce-product-attributes shop_attributes\">\n<tbody>\n<tr class=\"woocommerce-product-attributes-item woocommerce-product-attributes-item--attribute_pa_brand\">\n<th class=\"woocommerce-product-attributes-item__label\">Th\u01b0\u01a1ng hi\u1ec7u<\/th>\n<td class=\"woocommerce-product-attributes-item__value\">\n<div>\n<p><a href=\"https:\/\/codienhaiau.com\/brand\/idec\/\" rel=\"tag\">IDEC<\/a><\/p>\n<\/div>\n<\/td>\n<\/tr>\n<tr class=\"woocommerce-product-attributes-item woocommerce-product-attributes-item--attribute_pa_thoi-gian-bao-hanh\">\n<th class=\"woocommerce-product-attributes-item__label\">Th\u1eddi gian b\u1ea3o h\u00e0nh<\/th>\n<td class=\"woocommerce-product-attributes-item__value\">\n<div>\n<p>1 N\u0103m<\/p>\n<\/div>\n<\/td>\n<\/tr>\n<tr class=\"woocommerce-product-attributes-item woocommerce-product-attributes-item--attribute_pa_dien-ap-ngo-vao\">\n<th class=\"woocommerce-product-attributes-item__label\">\u0110i\u1ec7n \u00e1p ng\u00f5 v\u00e0o<\/th>\n<td class=\"woocommerce-product-attributes-item__value\">\n<div>\n<p><a href=\"https:\/\/codienhaiau.com\/dien-ap-ngo-vao\/24v\/\" rel=\"tag\">24V<\/a><\/p>\n<\/div>\n<\/td>\n<\/tr>\n<tr class=\"woocommerce-product-attributes-item woocommerce-product-attributes-item--attribute_pa_mau\">\n<th class=\"woocommerce-product-attributes-item__label\">M\u00e0u<\/th>\n<td class=\"woocommerce-product-attributes-item__value\">\n<div>\n<p>V\u00e0ng<\/p>\n<\/div>\n<\/td>\n<\/tr>\n<tr class=\"woocommerce-product-attributes-item woocommerce-product-attributes-item--attribute_pa_duong-kinh\">\n<th class=\"woocommerce-product-attributes-item__label\">\u0110\u01b0\u1eddng k\u00ednh<\/th>\n<td class=\"woocommerce-product-attributes-item__value\">\n<div>\n<p>22mm<\/p>\n<\/div>\n<\/td>\n<\/tr>\n<\/tbody>\n<\/table>\n<\/div>\n","protected":false},"excerpt":{"rendered":"<p>Model: YW1P-1EQ4Y<br \/>\nH\u00e3ng s\u1ea3n xu\u1ea5t: IDEC<br \/>\nCh\u1ea5t l\u01b0\u1ee3ng: M\u1edbi 100%<br \/>\nB\u1ea3o h\u00e0nh: Ch\u00ednh h\u00e3ng<br \/>\nCh\u1ee9ng t\u1eeb: CO\/CQ, h\u00f3a \u0111\u01a1n VAT<\/p>\n","protected":false},"featured_media":1098,"comment_status":"open","ping_status":"closed","template":"","meta":[],"product_brand":[60],"product_cat":[59],"product_tag":[],"class_list":{"0":"post-1097","1":"product","2":"type-product","3":"status-publish","4":"has-post-thumbnail","6":"product_brand-idec","7":"product_cat-idec","9":"first","10":"instock","11":"taxable","12":"shipping-taxable","13":"product-type-simple"},"jetpack_sharing_enabled":true,"_links":{"self":[{"href":"https:\/\/phuonganh-automation.com\/index.php?rest_route=\/wp\/v2\/product\/1097","targetHints":{"allow":["GET"]}}],"collection":[{"href":"https:\/\/phuonganh-automation.com\/index.php?rest_route=\/wp\/v2\/product"}],"about":[{"href":"https:\/\/phuonganh-automation.com\/index.php?rest_route=\/wp\/v2\/types\/product"}],"replies":[{"embeddable":true,"href":"https:\/\/phuonganh-automation.com\/index.php?rest_route=%2Fwp%2Fv2%2Fcomments&post=1097"}],"wp:featuredmedia":[{"embeddable":true,"href":"https:\/\/phuonganh-automation.com\/index.php?rest_route=\/wp\/v2\/media\/1098"}],"wp:attachment":[{"href":"https:\/\/phuonganh-automation.com\/index.php?rest_route=%2Fwp%2Fv2%2Fmedia&parent=1097"}],"wp:term":[{"taxonomy":"product_brand","embeddable":true,"href":"https:\/\/phuonganh-automation.com\/index.php?rest_route=%2Fwp%2Fv2%2Fproduct_brand&post=1097"},{"taxonomy":"product_cat","embeddable":true,"href":"https:\/\/phuonganh-automation.com\/index.php?rest_route=%2Fwp%2Fv2%2Fproduct_cat&post=1097"},{"taxonomy":"product_tag","embeddable":true,"href":"https:\/\/phuonganh-automation.com\/index.php?rest_route=%2Fwp%2Fv2%2Fproduct_tag&post=1097"}],"curies":[{"name":"wp","href":"https:\/\/api.w.org\/{rel}","templated":true}]}}